{"id":8301,"date":"2023-11-26T15:09:13","date_gmt":"2023-11-26T22:09:13","guid":{"rendered":"https:\/\/iqwareinc.com\/iqware-asset-guest-management-software-iqtrac-french\/"},"modified":"2023-11-27T14:13:43","modified_gmt":"2023-11-27T21:13:43","slug":"asset-and-guest-management-2","status":"publish","type":"page","link":"https:\/\/iqwareinc.com\/fr\/products\/asset-and-guest-management-2\/","title":{"rendered":"IQtrac"},"content":{"rendered":"<div id=\"cs-content\" class=\"cs-content\"><\/div>\n","protected":false},"excerpt":{"rendered":"<p>Logiciel tout-en-un de gestion des actifs et des clientsIQtrac a tout ce dont vous avez besoin pour rationaliser la gestion des op\u00e9rations, y compris la maintenance, l&rsquo;entretien m\u00e9nager, les demandes des clients, et bien plus encore.Demander une d\u00e9moO\u00f9 les op\u00e9rations de votre propri\u00e9t\u00e9 se rejoignentVoici comment IQtrac aidera votre h\u00f4tel \u00e0 g\u00e9rer ses op\u00e9rations, afin que vous puissiez offrir des exp\u00e9riences clients exceptionnelles et garder votre propri\u00e9t\u00e9 en parfait \u00e9tat&#8230; Gestion d&rsquo;actifsProlongez la dur\u00e9e de vie de vos actifs gr\u00e2ce &#8230; <\/p>\n<div><a href=\"https:\/\/iqwareinc.com\/fr\/products\/asset-and-guest-management-2\/\" class=\"more-link\">Read More<\/a><\/div>\n","protected":false},"author":9,"featured_media":0,"parent":2573,"menu_order":0,"comment_status":"closed","ping_status":"closed","template":"template-blank-4.php","meta":{"content-type":"","footnotes":""},"yoast_head":"<!-- This site is optimized with the Yoast SEO plugin v22.6 - https:\/\/yoast.com\/wordpress\/plugins\/seo\/ -->\n<title>IQtrac - IQware<\/title>\n<meta name=\"description\" content=\"IQware\u2019s mission is to help the hospitality industry find, book, know, host, and keep their guests by serving as a complete software solution provider.\" \/>\n<meta name=\"robots\" content=\"index, follow, max-snippet:-1, max-image-preview:large, max-video-preview:-1\" \/>\n<link rel=\"canonical\" href=\"https:\/\/iqwareinc.com\/fr\/products\/asset-and-guest-management-2\/\" \/>\n<meta property=\"og:locale\" content=\"fr_FR\" \/>\n<meta property=\"og:type\" content=\"article\" \/>\n<meta property=\"og:title\" content=\"IQtrac - IQware\" \/>\n<meta property=\"og:description\" content=\"IQware\u2019s mission is to help the hospitality industry find, book, know, host, and keep their guests by serving as a complete software solution provider.\" \/>\n<meta property=\"og:url\" content=\"https:\/\/iqwareinc.com\/fr\/products\/asset-and-guest-management-2\/\" \/>\n<meta property=\"og:site_name\" content=\"IQware\" \/>\n<meta property=\"article:modified_time\" content=\"2023-11-27T21:13:43+00:00\" \/>\n<script type=\"application\/ld+json\" class=\"yoast-schema-graph\">{\"@context\":\"https:\/\/schema.org\",\"@graph\":[{\"@type\":\"WebPage\",\"@id\":\"https:\/\/iqwareinc.com\/fr\/products\/asset-and-guest-management-2\/\",\"url\":\"https:\/\/iqwareinc.com\/fr\/products\/asset-and-guest-management-2\/\",\"name\":\"IQtrac - IQware\",\"isPartOf\":{\"@id\":\"https:\/\/iqwareinc.com\/#website\"},\"datePublished\":\"2023-11-26T22:09:13+00:00\",\"dateModified\":\"2023-11-27T21:13:43+00:00\",\"description\":\"IQware\u2019s mission is to help the hospitality industry find, book, know, host, and keep their guests by serving as a complete software solution provider.\",\"breadcrumb\":{\"@id\":\"https:\/\/iqwareinc.com\/fr\/products\/asset-and-guest-management-2\/#breadcrumb\"},\"inLanguage\":\"fr-FR\",\"potentialAction\":[{\"@type\":\"ReadAction\",\"target\":[\"https:\/\/iqwareinc.com\/fr\/products\/asset-and-guest-management-2\/\"]}]},{\"@type\":\"BreadcrumbList\",\"@id\":\"https:\/\/iqwareinc.com\/fr\/products\/asset-and-guest-management-2\/#breadcrumb\",\"itemListElement\":[{\"@type\":\"ListItem\",\"position\":1,\"name\":\"Home\",\"item\":\"https:\/\/iqwareinc.com\/fr\/home-v2\/\"},{\"@type\":\"ListItem\",\"position\":2,\"name\":\"Products\",\"item\":\"https:\/\/iqwareinc.com\/fr\/products\/\"},{\"@type\":\"ListItem\",\"position\":3,\"name\":\"IQtrac\"}]},{\"@type\":\"WebSite\",\"@id\":\"https:\/\/iqwareinc.com\/#website\",\"url\":\"https:\/\/iqwareinc.com\/\",\"name\":\"IQware\",\"description\":\"We Design Powerful Hospitality Software\",\"publisher\":{\"@id\":\"https:\/\/iqwareinc.com\/#organization\"},\"potentialAction\":[{\"@type\":\"SearchAction\",\"target\":{\"@type\":\"EntryPoint\",\"urlTemplate\":\"https:\/\/iqwareinc.com\/?s={search_term_string}\"},\"query-input\":\"required name=search_term_string\"}],\"inLanguage\":\"fr-FR\"},{\"@type\":\"Organization\",\"@id\":\"https:\/\/iqwareinc.com\/#organization\",\"name\":\"IQware inc\",\"url\":\"https:\/\/iqwareinc.com\/\",\"logo\":{\"@type\":\"ImageObject\",\"inLanguage\":\"fr-FR\",\"@id\":\"https:\/\/iqwareinc.com\/#\/schema\/logo\/image\/\",\"url\":\"https:\/\/iqwareinc.com\/wp-content\/uploads\/2021\/09\/cropped-logoIQwareGD2021_LO_small.png\",\"contentUrl\":\"https:\/\/iqwareinc.com\/wp-content\/uploads\/2021\/09\/cropped-logoIQwareGD2021_LO_small.png\",\"width\":512,\"height\":512,\"caption\":\"IQware inc\"},\"image\":{\"@id\":\"https:\/\/iqwareinc.com\/#\/schema\/logo\/image\/\"}}]}<\/script>\n<!-- \/ Yoast SEO plugin. -->","yoast_head_json":{"title":"IQtrac - IQware","description":"IQware\u2019s mission is to help the hospitality industry find, book, know, host, and keep their guests by serving as a complete software solution provider.","robots":{"index":"index","follow":"follow","max-snippet":"max-snippet:-1","max-image-preview":"max-image-preview:large","max-video-preview":"max-video-preview:-1"},"canonical":"https:\/\/iqwareinc.com\/fr\/products\/asset-and-guest-management-2\/","og_locale":"fr_FR","og_type":"article","og_title":"IQtrac - IQware","og_description":"IQware\u2019s mission is to help the hospitality industry find, book, know, host, and keep their guests by serving as a complete software solution provider.","og_url":"https:\/\/iqwareinc.com\/fr\/products\/asset-and-guest-management-2\/","og_site_name":"IQware","article_modified_time":"2023-11-27T21:13:43+00:00","schema":{"@context":"https:\/\/schema.org","@graph":[{"@type":"WebPage","@id":"https:\/\/iqwareinc.com\/fr\/products\/asset-and-guest-management-2\/","url":"https:\/\/iqwareinc.com\/fr\/products\/asset-and-guest-management-2\/","name":"IQtrac - IQware","isPartOf":{"@id":"https:\/\/iqwareinc.com\/#website"},"datePublished":"2023-11-26T22:09:13+00:00","dateModified":"2023-11-27T21:13:43+00:00","description":"IQware\u2019s mission is to help the hospitality industry find, book, know, host, and keep their guests by serving as a complete software solution provider.","breadcrumb":{"@id":"https:\/\/iqwareinc.com\/fr\/products\/asset-and-guest-management-2\/#breadcrumb"},"inLanguage":"fr-FR","potentialAction":[{"@type":"ReadAction","target":["https:\/\/iqwareinc.com\/fr\/products\/asset-and-guest-management-2\/"]}]},{"@type":"BreadcrumbList","@id":"https:\/\/iqwareinc.com\/fr\/products\/asset-and-guest-management-2\/#breadcrumb","itemListElement":[{"@type":"ListItem","position":1,"name":"Home","item":"https:\/\/iqwareinc.com\/fr\/home-v2\/"},{"@type":"ListItem","position":2,"name":"Products","item":"https:\/\/iqwareinc.com\/fr\/products\/"},{"@type":"ListItem","position":3,"name":"IQtrac"}]},{"@type":"WebSite","@id":"https:\/\/iqwareinc.com\/#website","url":"https:\/\/iqwareinc.com\/","name":"IQware","description":"We Design Powerful Hospitality Software","publisher":{"@id":"https:\/\/iqwareinc.com\/#organization"},"potentialAction":[{"@type":"SearchAction","target":{"@type":"EntryPoint","urlTemplate":"https:\/\/iqwareinc.com\/?s={search_term_string}"},"query-input":"required name=search_term_string"}],"inLanguage":"fr-FR"},{"@type":"Organization","@id":"https:\/\/iqwareinc.com\/#organization","name":"IQware inc","url":"https:\/\/iqwareinc.com\/","logo":{"@type":"ImageObject","inLanguage":"fr-FR","@id":"https:\/\/iqwareinc.com\/#\/schema\/logo\/image\/","url":"https:\/\/iqwareinc.com\/wp-content\/uploads\/2021\/09\/cropped-logoIQwareGD2021_LO_small.png","contentUrl":"https:\/\/iqwareinc.com\/wp-content\/uploads\/2021\/09\/cropped-logoIQwareGD2021_LO_small.png","width":512,"height":512,"caption":"IQware inc"},"image":{"@id":"https:\/\/iqwareinc.com\/#\/schema\/logo\/image\/"}}]}},"_links":{"self":[{"href":"https:\/\/iqwareinc.com\/fr\/wp-json\/wp\/v2\/pages\/8301"}],"collection":[{"href":"https:\/\/iqwareinc.com\/fr\/wp-json\/wp\/v2\/pages"}],"about":[{"href":"https:\/\/iqwareinc.com\/fr\/wp-json\/wp\/v2\/types\/page"}],"author":[{"embeddable":true,"href":"https:\/\/iqwareinc.com\/fr\/wp-json\/wp\/v2\/users\/9"}],"replies":[{"embeddable":true,"href":"https:\/\/iqwareinc.com\/fr\/wp-json\/wp\/v2\/comments?post=8301"}],"version-history":[{"count":0,"href":"https:\/\/iqwareinc.com\/fr\/wp-json\/wp\/v2\/pages\/8301\/revisions"}],"up":[{"embeddable":true,"href":"https:\/\/iqwareinc.com\/fr\/wp-json\/wp\/v2\/pages\/2573"}],"wp:attachment":[{"href":"https:\/\/iqwareinc.com\/fr\/wp-json\/wp\/v2\/media?parent=8301"}],"curies":[{"name":"wp","href":"https:\/\/api.w.org\/{rel}","templated":true}]}}