{"id":7489,"date":"2022-04-04T15:44:21","date_gmt":"2022-04-04T21:44:21","guid":{"rendered":"https:\/\/iqwareinc.com\/third-party-copyrights\/"},"modified":"2022-04-20T17:54:18","modified_gmt":"2022-04-20T23:54:18","slug":"third-party-copyrights","status":"publish","type":"page","link":"https:\/\/iqwareinc.com\/fr\/third-party-copyrights\/","title":{"rendered":"Third-party Copyrights"},"content":{"rendered":"<div id=\"cs-content\" class=\"cs-content\"><\/div>\n","protected":false},"excerpt":{"rendered":"<p>Droits d\u2019auteur des tiers. Nous respectons les droits de propri\u00e9t\u00e9 intellectuelle des tiers. Si vous avez de bonnes raisons de croire que vos droits d\u2019auteur ont \u00e9t\u00e9 enfreints par l\u2019utilisation ou l\u2019affichage de certains contenus sur le site Web, notre politique est d\u2019enqu\u00eater et de prendre rapidement des mesures afin de r\u00e9soudre le probl\u00e8me. Pour nous informer d\u2019une violation pr\u00e9sum\u00e9e des droits d\u2019auteur, vous devez nous fournir toutes les informations suivantes\u00a0: (i) une signature physique ou \u00e9lectronique d\u2019une personne autoris\u00e9e &#8230; <\/p>\n<div><a href=\"https:\/\/iqwareinc.com\/fr\/third-party-copyrights\/\" class=\"more-link\">Read More<\/a><\/div>\n","protected":false},"author":1,"featured_media":0,"parent":0,"menu_order":0,"comment_status":"closed","ping_status":"closed","template":"template-blank-1.php","meta":{"content-type":"","footnotes":""},"yoast_head":"<!-- This site is optimized with the Yoast SEO plugin v22.6 - https:\/\/yoast.com\/wordpress\/plugins\/seo\/ -->\n<title>Third-party Copyrights - IQware<\/title>\n<meta name=\"description\" content=\"IQware\u2019s mission is to help the hospitality industry find, book, know, host, and keep their guests by serving as a complete software solution provider.\" \/>\n<meta name=\"robots\" content=\"index, follow, max-snippet:-1, max-image-preview:large, max-video-preview:-1\" \/>\n<link rel=\"canonical\" href=\"https:\/\/iqwareinc.com\/third-party-copyrights\/\" \/>\n<meta property=\"og:locale\" content=\"fr_FR\" \/>\n<meta property=\"og:type\" content=\"article\" \/>\n<meta property=\"og:title\" content=\"Third-party Copyrights - IQware\" \/>\n<meta property=\"og:description\" content=\"IQware\u2019s mission is to help the hospitality industry find, book, know, host, and keep their guests by serving as a complete software solution provider.\" \/>\n<meta property=\"og:url\" content=\"https:\/\/iqwareinc.com\/third-party-copyrights\/\" \/>\n<meta property=\"og:site_name\" content=\"IQware\" \/>\n<meta property=\"article:modified_time\" content=\"2022-04-20T23:54:18+00:00\" \/>\n<script type=\"application\/ld+json\" class=\"yoast-schema-graph\">{\"@context\":\"https:\/\/schema.org\",\"@graph\":[{\"@type\":\"WebPage\",\"@id\":\"https:\/\/iqwareinc.com\/third-party-copyrights\/\",\"url\":\"https:\/\/iqwareinc.com\/third-party-copyrights\/\",\"name\":\"Third-party Copyrights - IQware\",\"isPartOf\":{\"@id\":\"https:\/\/iqwareinc.com\/#website\"},\"datePublished\":\"2022-04-04T21:44:21+00:00\",\"dateModified\":\"2022-04-20T23:54:18+00:00\",\"description\":\"IQware\u2019s mission is to help the hospitality industry find, book, know, host, and keep their guests by serving as a complete software solution provider.\",\"breadcrumb\":{\"@id\":\"https:\/\/iqwareinc.com\/third-party-copyrights\/#breadcrumb\"},\"inLanguage\":\"fr-FR\",\"potentialAction\":[{\"@type\":\"ReadAction\",\"target\":[\"https:\/\/iqwareinc.com\/third-party-copyrights\/\"]}]},{\"@type\":\"BreadcrumbList\",\"@id\":\"https:\/\/iqwareinc.com\/third-party-copyrights\/#breadcrumb\",\"itemListElement\":[{\"@type\":\"ListItem\",\"position\":1,\"name\":\"Home\",\"item\":\"https:\/\/iqwareinc.com\/fr\/home-v2\/\"},{\"@type\":\"ListItem\",\"position\":2,\"name\":\"Third-party Copyrights\"}]},{\"@type\":\"WebSite\",\"@id\":\"https:\/\/iqwareinc.com\/#website\",\"url\":\"https:\/\/iqwareinc.com\/\",\"name\":\"IQware\",\"description\":\"We Design Powerful Hospitality Software\",\"publisher\":{\"@id\":\"https:\/\/iqwareinc.com\/#organization\"},\"potentialAction\":[{\"@type\":\"SearchAction\",\"target\":{\"@type\":\"EntryPoint\",\"urlTemplate\":\"https:\/\/iqwareinc.com\/?s={search_term_string}\"},\"query-input\":\"required name=search_term_string\"}],\"inLanguage\":\"fr-FR\"},{\"@type\":\"Organization\",\"@id\":\"https:\/\/iqwareinc.com\/#organization\",\"name\":\"IQware inc\",\"url\":\"https:\/\/iqwareinc.com\/\",\"logo\":{\"@type\":\"ImageObject\",\"inLanguage\":\"fr-FR\",\"@id\":\"https:\/\/iqwareinc.com\/#\/schema\/logo\/image\/\",\"url\":\"https:\/\/iqwareinc.com\/wp-content\/uploads\/2021\/09\/cropped-logoIQwareGD2021_LO_small.png\",\"contentUrl\":\"https:\/\/iqwareinc.com\/wp-content\/uploads\/2021\/09\/cropped-logoIQwareGD2021_LO_small.png\",\"width\":512,\"height\":512,\"caption\":\"IQware inc\"},\"image\":{\"@id\":\"https:\/\/iqwareinc.com\/#\/schema\/logo\/image\/\"}}]}<\/script>\n<!-- \/ Yoast SEO plugin. -->","yoast_head_json":{"title":"Third-party Copyrights - IQware","description":"IQware\u2019s mission is to help the hospitality industry find, book, know, host, and keep their guests by serving as a complete software solution provider.","robots":{"index":"index","follow":"follow","max-snippet":"max-snippet:-1","max-image-preview":"max-image-preview:large","max-video-preview":"max-video-preview:-1"},"canonical":"https:\/\/iqwareinc.com\/third-party-copyrights\/","og_locale":"fr_FR","og_type":"article","og_title":"Third-party Copyrights - IQware","og_description":"IQware\u2019s mission is to help the hospitality industry find, book, know, host, and keep their guests by serving as a complete software solution provider.","og_url":"https:\/\/iqwareinc.com\/third-party-copyrights\/","og_site_name":"IQware","article_modified_time":"2022-04-20T23:54:18+00:00","schema":{"@context":"https:\/\/schema.org","@graph":[{"@type":"WebPage","@id":"https:\/\/iqwareinc.com\/third-party-copyrights\/","url":"https:\/\/iqwareinc.com\/third-party-copyrights\/","name":"Third-party Copyrights - IQware","isPartOf":{"@id":"https:\/\/iqwareinc.com\/#website"},"datePublished":"2022-04-04T21:44:21+00:00","dateModified":"2022-04-20T23:54:18+00:00","description":"IQware\u2019s mission is to help the hospitality industry find, book, know, host, and keep their guests by serving as a complete software solution provider.","breadcrumb":{"@id":"https:\/\/iqwareinc.com\/third-party-copyrights\/#breadcrumb"},"inLanguage":"fr-FR","potentialAction":[{"@type":"ReadAction","target":["https:\/\/iqwareinc.com\/third-party-copyrights\/"]}]},{"@type":"BreadcrumbList","@id":"https:\/\/iqwareinc.com\/third-party-copyrights\/#breadcrumb","itemListElement":[{"@type":"ListItem","position":1,"name":"Home","item":"https:\/\/iqwareinc.com\/fr\/home-v2\/"},{"@type":"ListItem","position":2,"name":"Third-party Copyrights"}]},{"@type":"WebSite","@id":"https:\/\/iqwareinc.com\/#website","url":"https:\/\/iqwareinc.com\/","name":"IQware","description":"We Design Powerful Hospitality Software","publisher":{"@id":"https:\/\/iqwareinc.com\/#organization"},"potentialAction":[{"@type":"SearchAction","target":{"@type":"EntryPoint","urlTemplate":"https:\/\/iqwareinc.com\/?s={search_term_string}"},"query-input":"required name=search_term_string"}],"inLanguage":"fr-FR"},{"@type":"Organization","@id":"https:\/\/iqwareinc.com\/#organization","name":"IQware inc","url":"https:\/\/iqwareinc.com\/","logo":{"@type":"ImageObject","inLanguage":"fr-FR","@id":"https:\/\/iqwareinc.com\/#\/schema\/logo\/image\/","url":"https:\/\/iqwareinc.com\/wp-content\/uploads\/2021\/09\/cropped-logoIQwareGD2021_LO_small.png","contentUrl":"https:\/\/iqwareinc.com\/wp-content\/uploads\/2021\/09\/cropped-logoIQwareGD2021_LO_small.png","width":512,"height":512,"caption":"IQware inc"},"image":{"@id":"https:\/\/iqwareinc.com\/#\/schema\/logo\/image\/"}}]}},"_links":{"self":[{"href":"https:\/\/iqwareinc.com\/fr\/wp-json\/wp\/v2\/pages\/7489"}],"collection":[{"href":"https:\/\/iqwareinc.com\/fr\/wp-json\/wp\/v2\/pages"}],"about":[{"href":"https:\/\/iqwareinc.com\/fr\/wp-json\/wp\/v2\/types\/page"}],"author":[{"embeddable":true,"href":"https:\/\/iqwareinc.com\/fr\/wp-json\/wp\/v2\/users\/1"}],"replies":[{"embeddable":true,"href":"https:\/\/iqwareinc.com\/fr\/wp-json\/wp\/v2\/comments?post=7489"}],"version-history":[{"count":0,"href":"https:\/\/iqwareinc.com\/fr\/wp-json\/wp\/v2\/pages\/7489\/revisions"}],"wp:attachment":[{"href":"https:\/\/iqwareinc.com\/fr\/wp-json\/wp\/v2\/media?parent=7489"}],"curies":[{"name":"wp","href":"https:\/\/api.w.org\/{rel}","templated":true}]}}