{"id":4900,"date":"2016-10-20T17:04:27","date_gmt":"2016-10-21T00:04:27","guid":{"rendered":"https:\/\/www.iqwareinc.com\/fr\/?page_id=4900"},"modified":"2023-11-27T16:28:36","modified_gmt":"2023-11-27T23:28:36","slug":"home-v2","status":"publish","type":"page","link":"https:\/\/iqwareinc.com\/fr\/","title":{"rendered":"Home v2"},"content":{"rendered":"<div id=\"cs-content\" class=\"cs-content\"><\/div>\n","protected":false},"excerpt":{"rendered":"<p>Augmentez les r\u00e9servations et offrez des exp\u00e9riences client exceptionnelles avec le puissant logiciel d\u2019accueil d\u2019IQware En savoir plusD\u00e9couvrez nos solutions: Gestion de l\u2019h\u00e9bergement (IQpms) Gestion du si\u00e8ge social (IQho) Point de vente (IQpos) Gestionnaire de canaux de distribution (IQlink) Gestion de la Qualit\u00e9 et des Actifs (IQtrac) R\u00e9servations en ligne (IQlink) Rapports automatis\u00e9s (IQintel) Plateforme e-mail et SMS (IQcontact) Gestion de SPA (IQspa) Gestion des Ventes et Banquets (IQbanquet) Increase Bookings and Deliver Exceptional Guest Experiences with IQware\u2019s Powerful Hospitality &#8230; <\/p>\n<div><a href=\"https:\/\/iqwareinc.com\/fr\/\" class=\"more-link\">Read More<\/a><\/div>\n","protected":false},"author":1,"featured_media":0,"parent":0,"menu_order":0,"comment_status":"closed","ping_status":"closed","template":"template-blank-4.php","meta":{"content-type":"","footnotes":""},"yoast_head":"<!-- This site is optimized with the Yoast SEO plugin v22.6 - https:\/\/yoast.com\/wordpress\/plugins\/seo\/ -->\n<title>IQware | Hospitality &amp; Property Management Software<\/title>\n<meta name=\"description\" content=\"IQware&#039;s powerful hospitality software helps hotels and other lodging operations increase their revenue and deliver exceptional guest experiences.\" \/>\n<meta name=\"robots\" content=\"index, follow, max-snippet:-1, max-image-preview:large, max-video-preview:-1\" \/>\n<link rel=\"canonical\" href=\"https:\/\/iqwareinc.com\/fr\/home-v2\/\" \/>\n<meta property=\"og:locale\" content=\"fr_FR\" \/>\n<meta property=\"og:type\" content=\"article\" \/>\n<meta property=\"og:title\" content=\"IQware | Hospitality &amp; Property Management Software\" \/>\n<meta property=\"og:description\" content=\"IQware&#039;s powerful hospitality software helps hotels and other lodging operations increase their revenue and deliver exceptional guest experiences.\" \/>\n<meta property=\"og:url\" content=\"https:\/\/iqwareinc.com\/fr\/home-v2\/\" \/>\n<meta property=\"og:site_name\" content=\"IQware\" \/>\n<meta property=\"article:modified_time\" content=\"2023-11-27T23:28:36+00:00\" \/>\n<script type=\"application\/ld+json\" class=\"yoast-schema-graph\">{\"@context\":\"https:\/\/schema.org\",\"@graph\":[{\"@type\":\"WebPage\",\"@id\":\"https:\/\/iqwareinc.com\/fr\/home-v2\/\",\"url\":\"https:\/\/iqwareinc.com\/fr\/home-v2\/\",\"name\":\"IQware | Hospitality & Property Management Software\",\"isPartOf\":{\"@id\":\"https:\/\/iqwareinc.com\/#website\"},\"datePublished\":\"2016-10-21T00:04:27+00:00\",\"dateModified\":\"2023-11-27T23:28:36+00:00\",\"description\":\"IQware's powerful hospitality software helps hotels and other lodging operations increase their revenue and deliver exceptional guest experiences.\",\"breadcrumb\":{\"@id\":\"https:\/\/iqwareinc.com\/fr\/home-v2\/#breadcrumb\"},\"inLanguage\":\"fr-FR\",\"potentialAction\":[{\"@type\":\"ReadAction\",\"target\":[\"https:\/\/iqwareinc.com\/fr\/home-v2\/\"]}]},{\"@type\":\"BreadcrumbList\",\"@id\":\"https:\/\/iqwareinc.com\/fr\/home-v2\/#breadcrumb\",\"itemListElement\":[{\"@type\":\"ListItem\",\"position\":1,\"name\":\"Home\",\"item\":\"https:\/\/iqwareinc.com\/fr\/home-v2\/\"},{\"@type\":\"ListItem\",\"position\":2,\"name\":\"Home v2\"}]},{\"@type\":\"WebSite\",\"@id\":\"https:\/\/iqwareinc.com\/#website\",\"url\":\"https:\/\/iqwareinc.com\/\",\"name\":\"IQware\",\"description\":\"We Design Powerful Hospitality Software\",\"publisher\":{\"@id\":\"https:\/\/iqwareinc.com\/#organization\"},\"potentialAction\":[{\"@type\":\"SearchAction\",\"target\":{\"@type\":\"EntryPoint\",\"urlTemplate\":\"https:\/\/iqwareinc.com\/?s={search_term_string}\"},\"query-input\":\"required name=search_term_string\"}],\"inLanguage\":\"fr-FR\"},{\"@type\":\"Organization\",\"@id\":\"https:\/\/iqwareinc.com\/#organization\",\"name\":\"IQware inc\",\"url\":\"https:\/\/iqwareinc.com\/\",\"logo\":{\"@type\":\"ImageObject\",\"inLanguage\":\"fr-FR\",\"@id\":\"https:\/\/iqwareinc.com\/#\/schema\/logo\/image\/\",\"url\":\"https:\/\/iqwareinc.com\/wp-content\/uploads\/2021\/09\/cropped-logoIQwareGD2021_LO_small.png\",\"contentUrl\":\"https:\/\/iqwareinc.com\/wp-content\/uploads\/2021\/09\/cropped-logoIQwareGD2021_LO_small.png\",\"width\":512,\"height\":512,\"caption\":\"IQware inc\"},\"image\":{\"@id\":\"https:\/\/iqwareinc.com\/#\/schema\/logo\/image\/\"}}]}<\/script>\n<!-- \/ Yoast SEO plugin. -->","yoast_head_json":{"title":"IQware | Hospitality & Property Management Software","description":"IQware's powerful hospitality software helps hotels and other lodging operations increase their revenue and deliver exceptional guest experiences.","robots":{"index":"index","follow":"follow","max-snippet":"max-snippet:-1","max-image-preview":"max-image-preview:large","max-video-preview":"max-video-preview:-1"},"canonical":"https:\/\/iqwareinc.com\/fr\/home-v2\/","og_locale":"fr_FR","og_type":"article","og_title":"IQware | Hospitality & Property Management Software","og_description":"IQware's powerful hospitality software helps hotels and other lodging operations increase their revenue and deliver exceptional guest experiences.","og_url":"https:\/\/iqwareinc.com\/fr\/home-v2\/","og_site_name":"IQware","article_modified_time":"2023-11-27T23:28:36+00:00","schema":{"@context":"https:\/\/schema.org","@graph":[{"@type":"WebPage","@id":"https:\/\/iqwareinc.com\/fr\/home-v2\/","url":"https:\/\/iqwareinc.com\/fr\/home-v2\/","name":"IQware | Hospitality & Property Management Software","isPartOf":{"@id":"https:\/\/iqwareinc.com\/#website"},"datePublished":"2016-10-21T00:04:27+00:00","dateModified":"2023-11-27T23:28:36+00:00","description":"IQware's powerful hospitality software helps hotels and other lodging operations increase their revenue and deliver exceptional guest experiences.","breadcrumb":{"@id":"https:\/\/iqwareinc.com\/fr\/home-v2\/#breadcrumb"},"inLanguage":"fr-FR","potentialAction":[{"@type":"ReadAction","target":["https:\/\/iqwareinc.com\/fr\/home-v2\/"]}]},{"@type":"BreadcrumbList","@id":"https:\/\/iqwareinc.com\/fr\/home-v2\/#breadcrumb","itemListElement":[{"@type":"ListItem","position":1,"name":"Home","item":"https:\/\/iqwareinc.com\/fr\/home-v2\/"},{"@type":"ListItem","position":2,"name":"Home v2"}]},{"@type":"WebSite","@id":"https:\/\/iqwareinc.com\/#website","url":"https:\/\/iqwareinc.com\/","name":"IQware","description":"We Design Powerful Hospitality Software","publisher":{"@id":"https:\/\/iqwareinc.com\/#organization"},"potentialAction":[{"@type":"SearchAction","target":{"@type":"EntryPoint","urlTemplate":"https:\/\/iqwareinc.com\/?s={search_term_string}"},"query-input":"required name=search_term_string"}],"inLanguage":"fr-FR"},{"@type":"Organization","@id":"https:\/\/iqwareinc.com\/#organization","name":"IQware inc","url":"https:\/\/iqwareinc.com\/","logo":{"@type":"ImageObject","inLanguage":"fr-FR","@id":"https:\/\/iqwareinc.com\/#\/schema\/logo\/image\/","url":"https:\/\/iqwareinc.com\/wp-content\/uploads\/2021\/09\/cropped-logoIQwareGD2021_LO_small.png","contentUrl":"https:\/\/iqwareinc.com\/wp-content\/uploads\/2021\/09\/cropped-logoIQwareGD2021_LO_small.png","width":512,"height":512,"caption":"IQware inc"},"image":{"@id":"https:\/\/iqwareinc.com\/#\/schema\/logo\/image\/"}}]}},"_links":{"self":[{"href":"https:\/\/iqwareinc.com\/fr\/wp-json\/wp\/v2\/pages\/4900"}],"collection":[{"href":"https:\/\/iqwareinc.com\/fr\/wp-json\/wp\/v2\/pages"}],"about":[{"href":"https:\/\/iqwareinc.com\/fr\/wp-json\/wp\/v2\/types\/page"}],"author":[{"embeddable":true,"href":"https:\/\/iqwareinc.com\/fr\/wp-json\/wp\/v2\/users\/1"}],"replies":[{"embeddable":true,"href":"https:\/\/iqwareinc.com\/fr\/wp-json\/wp\/v2\/comments?post=4900"}],"version-history":[{"count":0,"href":"https:\/\/iqwareinc.com\/fr\/wp-json\/wp\/v2\/pages\/4900\/revisions"}],"wp:attachment":[{"href":"https:\/\/iqwareinc.com\/fr\/wp-json\/wp\/v2\/media?parent=4900"}],"curies":[{"name":"wp","href":"https:\/\/api.w.org\/{rel}","templated":true}]}}