{"id":2573,"date":"2016-08-17T11:34:37","date_gmt":"2016-08-17T18:34:37","guid":{"rendered":"https:\/\/www.iqwareinc.com\/fr\/products\/"},"modified":"2023-11-26T13:56:04","modified_gmt":"2023-11-26T20:56:04","slug":"products","status":"publish","type":"page","link":"https:\/\/iqwareinc.com\/fr\/products\/","title":{"rendered":"Products"},"content":{"rendered":"<div id=\"cs-content\" class=\"cs-content\"><\/div>\n","protected":false},"excerpt":{"rendered":"<p>Tous les avantages de notre logiciel de gestion h\u00f4teli\u00e8re dont votre \u00e9tablissement a besoinLe puissant logiciel de gestion h\u00f4teli\u00e8re d\u2019IQware vous aidera \u00e0 tout g\u00e9rer \u2013 de l\u2019attraction de nouveaux clients \u00e0 la capacit\u00e9 \u00e0 leur offrir des exp\u00e9riences exceptionnelles. Quel logiciel cherchez-vous? Gestion de l\u2019h\u00e9bergement (IQpms) Gestion du si\u00e8ge social (IQho) Point de vente (IQpos) Gestionnaire de canaux de distribution (IQlink) Gestion de la Qualit\u00e9 et des Actifs (IQtrac) R\u00e9servations en ligne (IQlink) Rapports automatis\u00e9s (IQintel) Plateforme e-mail et &#8230; <\/p>\n<div><a href=\"https:\/\/iqwareinc.com\/fr\/products\/\" class=\"more-link\">Read More<\/a><\/div>\n","protected":false},"author":1,"featured_media":0,"parent":0,"menu_order":0,"comment_status":"closed","ping_status":"closed","template":"template-blank-4.php","meta":{"content-type":"","footnotes":""},"yoast_head":"<!-- This site is optimized with the Yoast SEO plugin v22.6 - https:\/\/yoast.com\/wordpress\/plugins\/seo\/ -->\n<title>Products | IQware - See Our Powerful Hospitality Software<\/title>\n<meta name=\"description\" content=\"IQware offers a suite of powerful hospitality software including a property management system, a central reservation system, a booking engine, and more.\" \/>\n<meta name=\"robots\" content=\"index, follow, max-snippet:-1, max-image-preview:large, max-video-preview:-1\" \/>\n<link rel=\"canonical\" href=\"https:\/\/iqwareinc.com\/fr\/products\/\" \/>\n<meta property=\"og:locale\" content=\"fr_FR\" \/>\n<meta property=\"og:type\" content=\"article\" \/>\n<meta property=\"og:title\" content=\"Products | IQware - See Our Powerful Hospitality Software\" \/>\n<meta property=\"og:description\" content=\"IQware offers a suite of powerful hospitality software including a property management system, a central reservation system, a booking engine, and more.\" \/>\n<meta property=\"og:url\" content=\"https:\/\/iqwareinc.com\/fr\/products\/\" \/>\n<meta property=\"og:site_name\" content=\"IQware\" \/>\n<meta property=\"article:modified_time\" content=\"2023-11-26T20:56:04+00:00\" \/>\n<script type=\"application\/ld+json\" class=\"yoast-schema-graph\">{\"@context\":\"https:\/\/schema.org\",\"@graph\":[{\"@type\":\"WebPage\",\"@id\":\"https:\/\/iqwareinc.com\/fr\/products\/\",\"url\":\"https:\/\/iqwareinc.com\/fr\/products\/\",\"name\":\"Products | IQware - See Our Powerful Hospitality Software\",\"isPartOf\":{\"@id\":\"https:\/\/iqwareinc.com\/#website\"},\"datePublished\":\"2016-08-17T18:34:37+00:00\",\"dateModified\":\"2023-11-26T20:56:04+00:00\",\"description\":\"IQware offers a suite of powerful hospitality software including a property management system, a central reservation system, a booking engine, and more.\",\"breadcrumb\":{\"@id\":\"https:\/\/iqwareinc.com\/fr\/products\/#breadcrumb\"},\"inLanguage\":\"fr-FR\",\"potentialAction\":[{\"@type\":\"ReadAction\",\"target\":[\"https:\/\/iqwareinc.com\/fr\/products\/\"]}]},{\"@type\":\"BreadcrumbList\",\"@id\":\"https:\/\/iqwareinc.com\/fr\/products\/#breadcrumb\",\"itemListElement\":[{\"@type\":\"ListItem\",\"position\":1,\"name\":\"Home\",\"item\":\"https:\/\/iqwareinc.com\/fr\/home-v2\/\"},{\"@type\":\"ListItem\",\"position\":2,\"name\":\"Products\"}]},{\"@type\":\"WebSite\",\"@id\":\"https:\/\/iqwareinc.com\/#website\",\"url\":\"https:\/\/iqwareinc.com\/\",\"name\":\"IQware\",\"description\":\"We Design Powerful Hospitality Software\",\"publisher\":{\"@id\":\"https:\/\/iqwareinc.com\/#organization\"},\"potentialAction\":[{\"@type\":\"SearchAction\",\"target\":{\"@type\":\"EntryPoint\",\"urlTemplate\":\"https:\/\/iqwareinc.com\/?s={search_term_string}\"},\"query-input\":\"required name=search_term_string\"}],\"inLanguage\":\"fr-FR\"},{\"@type\":\"Organization\",\"@id\":\"https:\/\/iqwareinc.com\/#organization\",\"name\":\"IQware inc\",\"url\":\"https:\/\/iqwareinc.com\/\",\"logo\":{\"@type\":\"ImageObject\",\"inLanguage\":\"fr-FR\",\"@id\":\"https:\/\/iqwareinc.com\/#\/schema\/logo\/image\/\",\"url\":\"https:\/\/iqwareinc.com\/wp-content\/uploads\/2021\/09\/cropped-logoIQwareGD2021_LO_small.png\",\"contentUrl\":\"https:\/\/iqwareinc.com\/wp-content\/uploads\/2021\/09\/cropped-logoIQwareGD2021_LO_small.png\",\"width\":512,\"height\":512,\"caption\":\"IQware inc\"},\"image\":{\"@id\":\"https:\/\/iqwareinc.com\/#\/schema\/logo\/image\/\"}}]}<\/script>\n<!-- \/ Yoast SEO plugin. -->","yoast_head_json":{"title":"Products | IQware - See Our Powerful Hospitality Software","description":"IQware offers a suite of powerful hospitality software including a property management system, a central reservation system, a booking engine, and more.","robots":{"index":"index","follow":"follow","max-snippet":"max-snippet:-1","max-image-preview":"max-image-preview:large","max-video-preview":"max-video-preview:-1"},"canonical":"https:\/\/iqwareinc.com\/fr\/products\/","og_locale":"fr_FR","og_type":"article","og_title":"Products | IQware - See Our Powerful Hospitality Software","og_description":"IQware offers a suite of powerful hospitality software including a property management system, a central reservation system, a booking engine, and more.","og_url":"https:\/\/iqwareinc.com\/fr\/products\/","og_site_name":"IQware","article_modified_time":"2023-11-26T20:56:04+00:00","schema":{"@context":"https:\/\/schema.org","@graph":[{"@type":"WebPage","@id":"https:\/\/iqwareinc.com\/fr\/products\/","url":"https:\/\/iqwareinc.com\/fr\/products\/","name":"Products | IQware - See Our Powerful Hospitality Software","isPartOf":{"@id":"https:\/\/iqwareinc.com\/#website"},"datePublished":"2016-08-17T18:34:37+00:00","dateModified":"2023-11-26T20:56:04+00:00","description":"IQware offers a suite of powerful hospitality software including a property management system, a central reservation system, a booking engine, and more.","breadcrumb":{"@id":"https:\/\/iqwareinc.com\/fr\/products\/#breadcrumb"},"inLanguage":"fr-FR","potentialAction":[{"@type":"ReadAction","target":["https:\/\/iqwareinc.com\/fr\/products\/"]}]},{"@type":"BreadcrumbList","@id":"https:\/\/iqwareinc.com\/fr\/products\/#breadcrumb","itemListElement":[{"@type":"ListItem","position":1,"name":"Home","item":"https:\/\/iqwareinc.com\/fr\/home-v2\/"},{"@type":"ListItem","position":2,"name":"Products"}]},{"@type":"WebSite","@id":"https:\/\/iqwareinc.com\/#website","url":"https:\/\/iqwareinc.com\/","name":"IQware","description":"We Design Powerful Hospitality Software","publisher":{"@id":"https:\/\/iqwareinc.com\/#organization"},"potentialAction":[{"@type":"SearchAction","target":{"@type":"EntryPoint","urlTemplate":"https:\/\/iqwareinc.com\/?s={search_term_string}"},"query-input":"required name=search_term_string"}],"inLanguage":"fr-FR"},{"@type":"Organization","@id":"https:\/\/iqwareinc.com\/#organization","name":"IQware inc","url":"https:\/\/iqwareinc.com\/","logo":{"@type":"ImageObject","inLanguage":"fr-FR","@id":"https:\/\/iqwareinc.com\/#\/schema\/logo\/image\/","url":"https:\/\/iqwareinc.com\/wp-content\/uploads\/2021\/09\/cropped-logoIQwareGD2021_LO_small.png","contentUrl":"https:\/\/iqwareinc.com\/wp-content\/uploads\/2021\/09\/cropped-logoIQwareGD2021_LO_small.png","width":512,"height":512,"caption":"IQware inc"},"image":{"@id":"https:\/\/iqwareinc.com\/#\/schema\/logo\/image\/"}}]}},"_links":{"self":[{"href":"https:\/\/iqwareinc.com\/fr\/wp-json\/wp\/v2\/pages\/2573"}],"collection":[{"href":"https:\/\/iqwareinc.com\/fr\/wp-json\/wp\/v2\/pages"}],"about":[{"href":"https:\/\/iqwareinc.com\/fr\/wp-json\/wp\/v2\/types\/page"}],"author":[{"embeddable":true,"href":"https:\/\/iqwareinc.com\/fr\/wp-json\/wp\/v2\/users\/1"}],"replies":[{"embeddable":true,"href":"https:\/\/iqwareinc.com\/fr\/wp-json\/wp\/v2\/comments?post=2573"}],"version-history":[{"count":0,"href":"https:\/\/iqwareinc.com\/fr\/wp-json\/wp\/v2\/pages\/2573\/revisions"}],"wp:attachment":[{"href":"https:\/\/iqwareinc.com\/fr\/wp-json\/wp\/v2\/media?parent=2573"}],"curies":[{"name":"wp","href":"https:\/\/api.w.org\/{rel}","templated":true}]}}